{"id":617,"date":"2020-11-22T00:33:29","date_gmt":"2020-11-21T21:33:29","guid":{"rendered":"https:\/\/vetmr.com.tr\/?page_id=617"},"modified":"2020-11-26T18:13:40","modified_gmt":"2020-11-26T15:13:40","slug":"sik-sorulan-sorular","status":"publish","type":"page","link":"https:\/\/vetmr.com.tr\/index.php\/sik-sorulan-sorular\/","title":{"rendered":"S\u0131k Sorulan Sorular"},"content":{"rendered":"<p>[vc_row css_animation=&#8221;&#8221; row_type=&#8221;row&#8221; use_row_as_full_screen_section=&#8221;no&#8221; type=&#8221;full_width&#8221; angled_section=&#8221;no&#8221; text_align=&#8221;left&#8221; background_image_as_pattern=&#8221;without_pattern&#8221; el_class=&#8221;numan14&#8243; z_index=&#8221;&#8221;][vc_column]<div class=\"qode-accordion-holder clearfix qode-toggle qode-initial \">\n\t<h5 class=\"clearfix qode-title-holder\">\n<span class=\"qode-tab-title\">\n\t    <span class=\"qode-tab-title-inner\">\n        Hastam\u0131, MR \u00e7ekimine getirmeden \u00f6nce ne gibi haz\u0131rl\u0131klar yapmam gerekiyor?    <\/span>\n<\/span>\n<span class=\"qode-accordion-mark\">\n    <span class=\"qode-accordion-mark-icon\">\n        <span class=\"icon_plus\"><\/span>\n        <span class=\"icon_minus-06\"><\/span>\n    <\/span>\n<\/span>\n<\/h5>\n<div  class=\"qode-accordion-content \" >\n    <div class=\"qode-accordion-content-inner\">\n        [vc_column_text]<\/p>\n<ul>\n<li>Hasta sahibinden \u00f6nce MR talep formunu doldurmas\u0131 gerekmektedir. Bu formu <em><strong><a href=\"https:\/\/vetmr.com.tr\/index.php\/gerekli-belgeler\/\">gerekli belgeler sayfas\u0131ndan indirebilirsiniz.<\/a><\/strong><\/em><\/li>\n<li>Daha \u00f6nce operasyon ge\u00e7irmi\u015f, metal implant, protez veya mikro\u00e7ip uygulanan\u00a0 \u00a0hayvanlarda bu cisimler MR sinyallarini bozucu etki yapabilece\u011finden (sa\u011fl\u0131k\u00a0 \u00a0y\u00f6n\u00fcnden bir sorun yaratmayacaksa) cerrahi m\u00fcdahale ile \u00e7\u0131kart\u0131lmas\u0131 istenebilir.<\/li>\n<li>Evcil hayvan\u0131n\u0131z MR \u00e7ekimine gelmeden 3-4 saat \u00f6ncesi yemek ve su vermeyi kesmelisiniz.<\/li>\n<li>Evcil Hayvan\u0131n\u0131z\u0131n daha \u00f6nce ge\u00e7irmi\u015f oldu\u011fu hastal\u0131klar\u0131, ameliyat olmu\u015fsa nereden nas\u0131l bir ameliyat ge\u00e7irdi\u011fi. Herhangi bir ila\u00e7 kullan\u0131m\u0131 devam ediyorsa (kalp,epilepsi, di\u011fer ila\u00e7lar) mutlaka bilgi\u00a0 verilmelidir. Bu gibi \u00f6zellikle epilepsi veya antidepresan ila\u00e7lar bir g\u00fcn \u00f6ncesinde verilmesi kesilir.<\/li>\n<li>MR \u00e7ekimine gelmeden \u00f6nce kimlik, tasma ve varsa k\u0131yafetler \u00e7\u0131kart\u0131lmal\u0131d\u0131r.<\/li>\n<li><\/li>\n<\/ul>\n<p>[\/vc_column_text]    <\/div>\n<\/div><h5 class=\"clearfix qode-title-holder\">\n<span class=\"qode-tab-title\">\n\t    <span class=\"qode-tab-title-inner\">\n        Y\u00fcksek Gradient 1.5 Tesla MR nedir? Ne gibi avantajlar\u0131 var?    <\/span>\n<\/span>\n<span class=\"qode-accordion-mark\">\n    <span class=\"qode-accordion-mark-icon\">\n        <span class=\"icon_plus\"><\/span>\n        <span class=\"icon_minus-06\"><\/span>\n    <\/span>\n<\/span>\n<\/h5>\n<div  class=\"qode-accordion-content \" >\n    <div class=\"qode-accordion-content-inner\">\n        [vc_column_text]1,5 Tesla MR g\u00f6r\u00fcnt\u00fcleme sistemi, h\u0131zl\u0131 ve y\u00fcksek d\u00fczeydeki \u00e7\u00f6z\u00fcn\u00fcrl\u00fc\u011f\u00fc ile veteriner hekimlere eksiksiz, kapsaml\u0131, h\u0131zl\u0131 tetkik ve raporlama olana\u011f\u0131 sunmaktad\u0131r.<br \/>\nY\u00fcksek gradient 1,5 Tesla MR cihaz\u0131, ileri ve ak\u0131ll\u0131 teknoloji deste\u011fi ile \u00fcretildi\u011finden en kaliteli ve en g\u00fcvenilir te\u015fhisi koyma teknolojisine sahiptir. Bu sistem, en k\u00fc\u00e7\u00fck canl\u0131da bile \u0130STEN\u0130LEN T\u00dcM ayr\u0131nt\u0131lar\u0131n y\u00fcksek \u00e7\u00f6z\u00fcn\u00fcrl\u00fckte, keskin ve net olarak veteriner hekimin eline ge\u00e7mesine olanak sa\u011flar.<br \/>\nBu sayede veteriner hekim tan\u0131 koyma konusunda olduk\u00e7a y\u00fcksek avantaja sahip olur.<\/p>\n<ul>\n<li>Evcil Hayvan\u0131n\u0131z\u0131n daha \u00f6nce ge\u00e7irmi\u015f oldu\u011fu hastal\u0131klar\u0131, ameliyat olmu\u015fsa nereden nas\u0131l bir ameliyat ge\u00e7irdi\u011fi. Herhangi bir ila\u00e7 kullan\u0131m\u0131 devam ediyorsa (kalp,epilepsi, di\u011fer ila\u00e7lar) mutlaka bilgi\u00a0 verilmelidir. Bu gibi \u00f6zellikle epilepsi veya antidepresan ila\u00e7lar bir g\u00fcn \u00f6ncesinde verilmesi kesilir.<\/li>\n<li>MR \u00e7ekimine gelmeden \u00f6nce kimlik, tasma ve varsa k\u0131yafetler \u00e7\u0131kart\u0131lmal\u0131d\u0131r.<\/li>\n<li><\/li>\n<\/ul>\n<p>[\/vc_column_text]    <\/div>\n<\/div><h5 class=\"clearfix qode-title-holder\">\n<span class=\"qode-tab-title\">\n\t    <span class=\"qode-tab-title-inner\">\n        MR \u00e7ekimine girmeden \u00f6nce hastama ne gibi i\u015flemler uygulanacak?    <\/span>\n<\/span>\n<span class=\"qode-accordion-mark\">\n    <span class=\"qode-accordion-mark-icon\">\n        <span class=\"icon_plus\"><\/span>\n        <span class=\"icon_minus-06\"><\/span>\n    <\/span>\n<\/span>\n<\/h5>\n<div  class=\"qode-accordion-content \" >\n    <div class=\"qode-accordion-content-inner\">\n        [vc_column_text]MR \u00e7ekimlerinde tam hareketsizlik durumu istenir ve bu y\u00fczden\u00a0 kedi ve k\u00f6peklerde, MR \u00e7ekimi anestezi alt\u0131nda ger\u00e7ekle\u015ftirilir. Elbette anestezi t\u00fcm canl\u0131lar i\u00e7in bir risk i\u00e7erir, bu riski en aza indirmek i\u00e7in hayvanlara anestezi \u00f6ncesi bir tak\u0131m testler uygulanarak hayvan\u0131n anestezi riskleri de\u011ferlendirilir. Sonras\u0131nda MR uyumlu gaz anestezi cihaz\u0131m\u0131zla daha g\u00fcvenli bir \u015fekilde \u00e7ekim ger\u00e7ekle\u015ftirilir.\u00a0 MR \u00e7ekimi s\u0131ras\u0131nda uzman veteriner hekim, olas\u0131 anestezi komplikasyonlar\u0131na an\u0131nda m\u00fcdahale etmek i\u00e7in k\u00fc\u00e7\u00fck dostunuzun yan\u0131nda bulunur.[\/vc_column_text]    <\/div>\n<\/div><h5 class=\"clearfix qode-title-holder\">\n<span class=\"qode-tab-title\">\n\t    <span class=\"qode-tab-title-inner\">\n        MR Raporumu ne kadar s\u00fcrede al\u0131r\u0131m?    <\/span>\n<\/span>\n<span class=\"qode-accordion-mark\">\n    <span class=\"qode-accordion-mark-icon\">\n        <span class=\"icon_plus\"><\/span>\n        <span class=\"icon_minus-06\"><\/span>\n    <\/span>\n<\/span>\n<\/h5>\n<div  class=\"qode-accordion-content \" >\n    <div class=\"qode-accordion-content-inner\">\n        [vc_column_text]MR \u00e7ekimi sonras\u0131, uzman radyolo\u011fumuz taraf\u0131ndan olu\u015fturulan raporlar en ge\u00e7 2 g\u00fcn i\u00e7inde elinize ula\u015f\u0131r.[\/vc_column_text]    <\/div>\n<\/div><h5 class=\"clearfix qode-title-holder\">\n<span class=\"qode-tab-title\">\n\t    <span class=\"qode-tab-title-inner\">\n        Bilgisayarl\u0131 Tomografi (CT) nedir?    <\/span>\n<\/span>\n<span class=\"qode-accordion-mark\">\n    <span class=\"qode-accordion-mark-icon\">\n        <span class=\"icon_plus\"><\/span>\n        <span class=\"icon_minus-06\"><\/span>\n    <\/span>\n<\/span>\n<\/h5>\n<div  class=\"qode-accordion-content \" >\n    <div class=\"qode-accordion-content-inner\">\n        [vc_column_text]CT (Tomografi), kedi ve k\u00f6pe\u011finizin v\u00fccudunda X-\u0131\u015f\u0131n\u0131 ile detayl\u0131 kesitsel g\u00f6r\u00fcnt\u00fcler elde etmeye yarayan teknikler b\u00fct\u00fcn\u00fcd\u00fcr. Elde edilen veriler, bilgisayarlar sayesinde yeniden \u015fekillendirilip radyologlar taraf\u0131ndan de\u011ferlendirilir.<\/p>\n<p>CT, ortas\u0131nda b\u00fcy\u00fck bir halka \u015feklinde bo\u015flu\u011fu olan bir makinedir. Kedi veya k\u00f6pe\u011finizin uzand\u0131\u011f\u0131 sedyenin \u00e7evresindeki halka ileri geri hareket ederek cihaz k\u00fc\u00e7\u00fck kesitler \u015feklinde hayvan\u0131n v\u00fccudundan g\u00f6r\u00fcnt\u00fcler alarak \u015f\u00fcphelenilen b\u00f6lgenin patoloji y\u00f6n\u00fcnden detayl\u0131 incelenmesini sa\u011flar.[\/vc_column_text]    <\/div>\n<\/div><h5 class=\"clearfix qode-title-holder\">\n<span class=\"qode-tab-title\">\n\t    <span class=\"qode-tab-title-inner\">\n        Multislice CT (Tomografi) nedir? \u00d6zellikleri ve avantajlar\u0131 nelerdir?    <\/span>\n<\/span>\n<span class=\"qode-accordion-mark\">\n    <span class=\"qode-accordion-mark-icon\">\n        <span class=\"icon_plus\"><\/span>\n        <span class=\"icon_minus-06\"><\/span>\n    <\/span>\n<\/span>\n<\/h5>\n<div  class=\"qode-accordion-content \" >\n    <div class=\"qode-accordion-content-inner\">\n        [vc_column_text]X-\u0131\u015f\u0131n\u0131 t\u00fcp\u00fc halkan\u0131n etraf\u0131nda d\u00f6nerek X-\u0131\u015f\u0131n\u0131n\u0131 olu\u015fturur. Olu\u015fan X-\u0131\u015f\u0131n\u0131 sayesinde al\u0131nan g\u00f6r\u00fcnt\u00fcler 2 boyutlu olarak elde edilir. Daha sonra bilgisayar yoluyla g\u00f6r\u00fcnt\u00fcler 3 boyutlu hale getirilir.[\/vc_column_text]    <\/div>\n<\/div><h5 class=\"clearfix qode-title-holder\">\n<span class=\"qode-tab-title\">\n\t    <span class=\"qode-tab-title-inner\">\n        Tomografi (CT)&#039;ye \u00e7ekimine girmeden \u00f6nce hastama ne gibi i\u015flemler uygulanacak?    <\/span>\n<\/span>\n<span class=\"qode-accordion-mark\">\n    <span class=\"qode-accordion-mark-icon\">\n        <span class=\"icon_plus\"><\/span>\n        <span class=\"icon_minus-06\"><\/span>\n    <\/span>\n<\/span>\n<\/h5>\n<div  class=\"qode-accordion-content \" >\n    <div class=\"qode-accordion-content-inner\">\n        [vc_column_text]\u015eu anki teknolojide CT cihazlar\u0131 y\u00fcksek h\u0131zda g\u00f6r\u00fcnt\u00fc alabilme yetene\u011fine sahiptir. 5-10 dakika i\u00e7erisinde i\u015flem tamamlanabilmekte, ancak baz\u0131 durumlarda bu s\u00fcre uzayabilmektedir. \u0130\u015flemin tekrarlanmas\u0131n\u0131n \u00f6n\u00fcne ge\u00e7ebilmek ad\u0131na hastan\u0131n hareketsizli\u011fi \u00e7ok \u00f6nemlidir. B\u00fct\u00fcn bunlar g\u00f6z \u00f6n\u00fcnde bulunduruldu\u011funda k\u0131sa etkili bir sedasyon tomografi i\u015flemi i\u00e7in yeterli olacakt\u0131r. \u0130\u015flem bittikten sonra kedi ve\/veya k\u00f6pe\u011finizin sedasyon durumundan normale d\u00f6nmesi i\u00e7in tekrar ila\u00e7 uygulamas\u0131 yap\u0131l\u0131r.[\/vc_column_text]    <\/div>\n<\/div><h5 class=\"clearfix qode-title-holder\">\n<span class=\"qode-tab-title\">\n\t    <span class=\"qode-tab-title-inner\">\n        Tomografi (CT) \u00f6ncesi ne gibi haz\u0131rl\u0131klar yapmal\u0131y\u0131m?    <\/span>\n<\/span>\n<span class=\"qode-accordion-mark\">\n    <span class=\"qode-accordion-mark-icon\">\n        <span class=\"icon_plus\"><\/span>\n        <span class=\"icon_minus-06\"><\/span>\n    <\/span>\n<\/span>\n<\/h5>\n<div  class=\"qode-accordion-content \" >\n    <div class=\"qode-accordion-content-inner\">\n        [vc_column_text]Evcil dostunuzun, sedasyon alaca\u011f\u0131n\u0131 g\u00f6z \u00f6n\u00fcnde bulundurarak 8 saat \u00f6ncesinden yemek yemesine, en az 4 saat \u00f6ncesinden de su i\u00e7mesine izin vermemelisiniz. E\u011fer evcil dostunuzun kulland\u0131\u011f\u0131 d\u00fczenli bir ilac\u0131 ya da sedasyon almaya engel bir durumu varsa bunu mutlaka hekiminizle payla\u015fmal\u0131s\u0131n\u0131z. CT i\u015flemi \u00f6ncesinde ara\u015ft\u0131r\u0131lacak patolojik alana ba\u011fl\u0131 olarak veteriner hekiminiz hastan\u0131z\u0131n evde a\u011f\u0131z yoluyla ila\u00e7 almas\u0131n\u0131 isteyebilir; yine hastan\u0131z\u0131n durumuna g\u00f6re veteriner hekiminiz, i\u015flem \u00f6ncesi baz\u0131 kan testleri yap\u0131lmas\u0131n\u0131 uygun bulabilir. CT s\u0131ras\u0131nda herhangi bir metalin (tasma ve benzeri gibi) k\u00f6pe\u011finizin ve\/veya kedinizden \u00fczerinde olmamas\u0131 gerekmektedir.[\/vc_column_text]    <\/div>\n<\/div><h5 class=\"clearfix qode-title-holder\">\n<span class=\"qode-tab-title\">\n\t    <span class=\"qode-tab-title-inner\">\n        CT i\u015flemi k\u00f6pe\u011fimin veya kedimin sa\u011fl\u0131\u011f\u0131na zarar verir mi?    <\/span>\n<\/span>\n<span class=\"qode-accordion-mark\">\n    <span class=\"qode-accordion-mark-icon\">\n        <span class=\"icon_plus\"><\/span>\n        <span class=\"icon_minus-06\"><\/span>\n    <\/span>\n<\/span>\n<\/h5>\n<div  class=\"qode-accordion-content \" >\n    <div class=\"qode-accordion-content-inner\">\n        [vc_column_text]CT i\u015flemi Avrupa ve Amerika\u2019da \u00e7ok s\u0131k kullan\u0131lan,\u00a0<strong>FDA<\/strong>\u00a0taraf\u0131ndan onayl\u0131, olduk\u00e7a g\u00fcvenli diagnostik bir i\u015flemdir. Tek bir CT uygulamas\u0131nda, k\u00f6pe\u011finizin ya da kedinizin ald\u0131\u011f\u0131 radyasyon oran\u0131 \u00f6nemsenmeyecek kadar d\u00fc\u015f\u00fckt\u00fcr. Bunun d\u0131\u015f\u0131nda gerekli hallerde parenteral uygulanan kontrast maddeye kar\u015f\u0131 nadiren alerjik reaksiyonlar \u015fekillenebilir; kusma, dispne, eritem, \u00fcrtiker, hipotansiyon gibi intolerans reaksiyonu belirtileri hatta anafilaksi g\u00f6zlenebilir. B\u00f6yle bir durumda veteriner hekiminiz gerekli uygulamalar\u0131 yapacakt\u0131r ama yine de baz\u0131 ileri durumlarda bu tip reaksiyonlar\u0131 bask\u0131lamak m\u00fcmk\u00fcn olmayabilir. Bu tip alerjik reaksiyonlara yatk\u0131nl\u0131\u011f\u0131 olan hastalarda art\u0131-eksi \u015fartlar\u0131n t\u00fcm\u00fc g\u00f6z \u00f6n\u00fcnde bulundurularak karar verilmelidir.[\/vc_column_text]    <\/div>\n<\/div><\/div>[\/vc_column][\/vc_row]<\/p>\n","protected":false},"excerpt":{"rendered":"<p>[vc_row css_animation=&#8221;&#8221; row_type=&#8221;row&#8221; use_row_as_full_screen_section=&#8221;no&#8221; type=&#8221;full_width&#8221; angled_section=&#8221;no&#8221; text_align=&#8221;left&#8221; background_image_as_pattern=&#8221;without_pattern&#8221; el_class=&#8221;numan14&#8243; z_index=&#8221;&#8221;][vc_column][\/vc_column][\/vc_row]<\/p>\n","protected":false},"author":1,"featured_media":0,"parent":0,"menu_order":0,"comment_status":"closed","ping_status":"closed","template":"","meta":{"ngg_post_thumbnail":0},"yoast_head":"<!-- This site is optimized with the Yoast SEO plugin v15.9.1 - https:\/\/yoast.com\/wordpress\/plugins\/seo\/ -->\n<title>S\u0131k Sorulan Sorular - VetMR<\/title>\n<meta name=\"robots\" content=\"index, follow, max-snippet:-1, max-image-preview:large, max-video-preview:-1\" \/>\n<link rel=\"canonical\" href=\"https:\/\/vetmr.com.tr\/index.php\/sik-sorulan-sorular\/\" \/>\n<meta property=\"og:locale\" content=\"tr_TR\" \/>\n<meta property=\"og:type\" content=\"article\" \/>\n<meta property=\"og:title\" content=\"S\u0131k Sorulan Sorular - VetMR\" \/>\n<meta property=\"og:description\" content=\"[vc_row css_animation=&#8221;&#8221; row_type=&#8221;row&#8221; use_row_as_full_screen_section=&#8221;no&#8221; type=&#8221;full_width&#8221; angled_section=&#8221;no&#8221; text_align=&#8221;left&#8221; background_image_as_pattern=&#8221;without_pattern&#8221; el_class=&#8221;numan14&#8243; z_index=&#8221;&#8221;][vc_column][\/vc_column][\/vc_row]\" \/>\n<meta property=\"og:url\" content=\"https:\/\/vetmr.com.tr\/index.php\/sik-sorulan-sorular\/\" \/>\n<meta property=\"og:site_name\" content=\"VetMR\" \/>\n<meta property=\"article:modified_time\" content=\"2020-11-26T15:13:40+00:00\" \/>\n<meta property=\"og:image\" content=\"https:\/\/vetmr.com.tr\/wp-content\/uploads\/2020\/11\/logo.png\" \/>\n\t<meta property=\"og:image:width\" content=\"300\" \/>\n\t<meta property=\"og:image:height\" content=\"153\" \/>\n<meta name=\"twitter:card\" content=\"summary_large_image\" \/>\n<meta name=\"twitter:label1\" content=\"Tahmini okuma s\u00fcresi\">\n\t<meta name=\"twitter:data1\" content=\"6 dakika\">\n<script type=\"application\/ld+json\" class=\"yoast-schema-graph\">{\"@context\":\"https:\/\/schema.org\",\"@graph\":[{\"@type\":\"WebSite\",\"@id\":\"https:\/\/vetmr.com.tr\/#website\",\"url\":\"https:\/\/vetmr.com.tr\/\",\"name\":\"VetMR\",\"description\":\"PET G\\u00f6r\\u00fcnt\\u00fcleme Merkezi | Pet Imaging Center\",\"potentialAction\":[{\"@type\":\"SearchAction\",\"target\":\"https:\/\/vetmr.com.tr\/?s={search_term_string}\",\"query-input\":\"required name=search_term_string\"}],\"inLanguage\":\"tr\"},{\"@type\":\"WebPage\",\"@id\":\"https:\/\/vetmr.com.tr\/index.php\/sik-sorulan-sorular\/#webpage\",\"url\":\"https:\/\/vetmr.com.tr\/index.php\/sik-sorulan-sorular\/\",\"name\":\"S\\u0131k Sorulan Sorular - VetMR\",\"isPartOf\":{\"@id\":\"https:\/\/vetmr.com.tr\/#website\"},\"datePublished\":\"2020-11-21T21:33:29+00:00\",\"dateModified\":\"2020-11-26T15:13:40+00:00\",\"breadcrumb\":{\"@id\":\"https:\/\/vetmr.com.tr\/index.php\/sik-sorulan-sorular\/#breadcrumb\"},\"inLanguage\":\"tr\",\"potentialAction\":[{\"@type\":\"ReadAction\",\"target\":[\"https:\/\/vetmr.com.tr\/index.php\/sik-sorulan-sorular\/\"]}]},{\"@type\":\"BreadcrumbList\",\"@id\":\"https:\/\/vetmr.com.tr\/index.php\/sik-sorulan-sorular\/#breadcrumb\",\"itemListElement\":[{\"@type\":\"ListItem\",\"position\":1,\"item\":{\"@type\":\"WebPage\",\"@id\":\"https:\/\/vetmr.com.tr\/\",\"url\":\"https:\/\/vetmr.com.tr\/\",\"name\":\"Ana sayfa\"}},{\"@type\":\"ListItem\",\"position\":2,\"item\":{\"@type\":\"WebPage\",\"@id\":\"https:\/\/vetmr.com.tr\/index.php\/sik-sorulan-sorular\/\",\"url\":\"https:\/\/vetmr.com.tr\/index.php\/sik-sorulan-sorular\/\",\"name\":\"S\\u0131k Sorulan Sorular\"}}]}]}<\/script>\n<!-- \/ Yoast SEO plugin. -->","_links":{"self":[{"href":"https:\/\/vetmr.com.tr\/index.php\/wp-json\/wp\/v2\/pages\/617"}],"collection":[{"href":"https:\/\/vetmr.com.tr\/index.php\/wp-json\/wp\/v2\/pages"}],"about":[{"href":"https:\/\/vetmr.com.tr\/index.php\/wp-json\/wp\/v2\/types\/page"}],"author":[{"embeddable":true,"href":"https:\/\/vetmr.com.tr\/index.php\/wp-json\/wp\/v2\/users\/1"}],"replies":[{"embeddable":true,"href":"https:\/\/vetmr.com.tr\/index.php\/wp-json\/wp\/v2\/comments?post=617"}],"version-history":[{"count":24,"href":"https:\/\/vetmr.com.tr\/index.php\/wp-json\/wp\/v2\/pages\/617\/revisions"}],"predecessor-version":[{"id":806,"href":"https:\/\/vetmr.com.tr\/index.php\/wp-json\/wp\/v2\/pages\/617\/revisions\/806"}],"wp:attachment":[{"href":"https:\/\/vetmr.com.tr\/index.php\/wp-json\/wp\/v2\/media?parent=617"}],"curies":[{"name":"wp","href":"https:\/\/api.w.org\/{rel}","templated":true}]}}