{"id":395,"date":"2020-11-20T17:33:20","date_gmt":"2020-11-20T14:33:20","guid":{"rendered":"https:\/\/vetmr.com.tr\/?page_id=395"},"modified":"2022-05-16T18:03:02","modified_gmt":"2022-05-16T15:03:02","slug":"mr","status":"publish","type":"page","link":"https:\/\/vetmr.com.tr\/index.php\/mr\/","title":{"rendered":"MR"},"content":{"rendered":"<p>[vc_row css_animation=&#8221;&#8221; row_type=&#8221;row&#8221; use_row_as_full_screen_section=&#8221;no&#8221; type=&#8221;full_width&#8221; angled_section=&#8221;no&#8221; text_align=&#8221;left&#8221; background_image_as_pattern=&#8221;without_pattern&#8221;][vc_column][qode_elements_holder number_of_columns=&#8221;two_columns&#8221;][qode_elements_holder_item vertical_alignment=&#8221;middle&#8221; horizontal_alignment=&#8221;left&#8221; advanced_animations=&#8221;no&#8221; item_padding=&#8221;0px 30px 0px 0px&#8221;][vc_column_text]<\/p>\n<h4>Y\u00dcKSEK GRAD\u0130ENT 1.5 TESLA MR \u0130LE Y\u00dcKSEK D\u00dcZEYDE \u00c7\u00d6Z\u00dcN\u00dcRL\u00dcK, EKS\u0130KS\u0130Z, KAPSAMLI VE HIZLI<br \/>\nTETK\u0130K, RAPORLAMA<\/h4>\n<p>[\/vc_column_text][vc_separator type=&#8221;transparent&#8221; up=&#8221;3&#8243; down=&#8221;3&#8243;][vc_column_text]Manyetik Rezonans\u2019 \u0131n (MR) tarih\u00e7esine bak\u0131\u015f;<br \/>\nMR \u201cManyetik Rezonans\u201d kelimelerinin ingilizce k\u0131saltmas\u0131d\u0131r. D\u00fcnyada ilk MR g\u00f6r\u00fcnt\u00fcs\u00fc, \u00fcnl\u00fc Kimyac\u0131 Paul Lauterbur taraf\u0131ndan 1972 y\u0131l\u0131nda elde edilmi\u015ftir. Bug\u00fcn tespiti zor olan hastal\u0131klar MR ile g\u00f6r\u00fcnt\u00fcleme cihazlar\u0131 sayesinde yap\u0131lmaktad\u0131r. Yani bu ke\u015fif kimya biliminin t\u0131p literat\u00fcr\u00fcne katt\u0131\u011f\u0131 en b\u00fcy\u00fck ke\u015fiflerden biridir. Doktorlar bu cihaz\u0131 kullanmaya ba\u015flamadan \u00f6nce cihaz NMR ad\u0131 ile an\u0131l\u0131rd\u0131.<br \/>\nBu cihaz, organik maddelerle hidrojen atomlar\u0131n\u0131n pozisyonunu ve miktar\u0131n\u0131 belirlemek i\u00e7in kullan\u0131lmaktayd\u0131. Cihaz bu ama\u00e7la kullan\u0131lmakta iken, hidrojen \u00e7ekirdeklerinin art\u0131 ya da eksi y\u00fckl\u00fc par\u00e7ac\u0131klar\u0131n\u0131n kendi etraf\u0131nda d\u00f6nerken, m\u0131knat\u0131s gibi manyetik \u00f6zellik g\u00f6sterdi\u011fi ke\u015ffedilmi\u015ftir. 1924 y\u0131l\u0131nda hidrojen atomunun m\u0131knat\u0131s gibi manyetik bir \u00f6zelli\u011finin oldu\u011funun fark edilmesi MR cihaz\u0131n\u0131n ke\u015ffini sa\u011flam\u0131\u015ft\u0131r.[\/vc_column_text][vc_separator type=&#8221;transparent&#8221; up=&#8221;10&#8243; down=&#8221;10&#8243;][\/qode_elements_holder_item][qode_elements_holder_item vertical_alignment=&#8221;top&#8221; horizontal_alignment=&#8221;center&#8221; advanced_animations=&#8221;no&#8221;][vc_gallery type=&#8221;flexslider_slide&#8221; interval=&#8221;3&#8243; images=&#8221;1045,1047,1038&#8243; img_size=&#8221;full&#8221; direction_nav=&#8221;no&#8221;][\/qode_elements_holder_item][\/qode_elements_holder][\/vc_column][\/vc_row][vc_row css_animation=&#8221;&#8221; row_type=&#8221;row&#8221; use_row_as_full_screen_section=&#8221;no&#8221; type=&#8221;full_width&#8221; angled_section=&#8221;no&#8221; text_align=&#8221;left&#8221; background_image_as_pattern=&#8221;without_pattern&#8221; z_index=&#8221;&#8221;][vc_column][qode_elements_holder number_of_columns=&#8221;one_column&#8221;][qode_elements_holder_item vertical_alignment=&#8221;top&#8221; horizontal_alignment=&#8221;left&#8221; advanced_animations=&#8221;no&#8221; item_padding=&#8221;0px 0px 0px 0px&#8221;][vc_column_text]1971 y\u0131llar\u0131nda NMR cihaz\u0131 ile kanserli bir yap\u0131y\u0131 inceleyen R. Damadian, farede kanserli yap\u0131dan daha fazla hidrojen oldu\u011funu g\u00f6zlemlemi\u015ftir ve b\u00f6ylece Kimyac\u0131lar\u0131n NMR cihaz\u0131 ile canl\u0131lar\u0131n dokular\u0131n\u0131n incelenebildi\u011fini kan\u0131tlam\u0131\u015ft\u0131r. MRI g\u00f6r\u00fcnt\u00fcleri ilk zamanlarda zor \u015fartlarda \u00e7ekiliyordu. Bir g\u00f6r\u00fcnt\u00fcy\u00fc almak saatlerce \u00e7aba sarf edilmesine neden oluyordu. \u0130ngiliz fizik\u00e7i Mansfield g\u00f6r\u00fcnt\u00fc kalitesinin art\u0131r\u0131larak, s\u00fcrenin k\u0131salmas\u0131n\u0131 sa\u011flad\u0131.<br \/>\nT\u0131p d\u00fcnyas\u0131 cihaz\u0131n ad\u0131n\u0131 MR olarak de\u011fi\u015ftirdi. B\u00fcnyesinde sadece zarars\u0131z radyo dalgalar\u0131 bulunduran MR sayesinde art\u0131k insanlar\u0131n ve hayvanlar\u0131n i\u00e7 hastal\u0131klar\u0131 daha kolay bulunabilmektedir. Yeni g\u00f6r\u00fcnt\u00fcleme teknolojileri aras\u0131nda en etkileyici olanlardan MR, a\u011fr\u0131s\u0131z allerjiye yol a\u00e7acak ila\u00e7<br \/>\nverilme zorunlulu\u011fu olmayan ve X-\u0131\u015f\u0131n\u0131 gibi zararl\u0131 olabilecek ara\u00e7lar kullanmayan bir tan\u0131 tekni\u011fidir. Hasta g\u00fc\u00e7l\u00fc bir elektromagnet i\u00e7eren bir silindirin i\u00e7inde yatarken v\u00fccuttaki hidrojen atomlar\u0131n\u0131n enerji salmas\u0131na yol a\u00e7an radyo dalgalar\u0131 g\u00f6nderilerek i\u015flem ger\u00e7ekle\u015ftirilir. M\u0131knat\u0131s etkisi ile hareket eden binlerce atoma ait bilgi bir bilgisayara g\u00f6nderilir ve incelenen alan\u0131n olduk\u00e7a kaliteli bir resmi elde edilir. Radyolog doktorlar bu g\u00f6r\u00fcnt\u00fcleri de\u011ferlendirilerek hastal\u0131k hakk\u0131nda bilgi edinirler.[\/vc_column_text][vc_separator type=&#8221;transparent&#8221; up=&#8221;10&#8243; down=&#8221;10&#8243;][vc_column_text]<\/p>\n<h5>Y\u00fcksek Gradient 1.5 Tesla MR nedir?&nbsp; \u00d6zellikleri ve avantajlar\u0131 nelerdir?<\/h5>\n<p>[\/vc_column_text][vc_separator type=&#8221;transparent&#8221; up=&#8221;3&#8243; down=&#8221;3&#8243;][vc_column_text]1,5 Tesla MR g\u00f6r\u00fcnt\u00fcleme sistemi, h\u0131zl\u0131 ve y\u00fcksek d\u00fczeydeki \u00e7\u00f6z\u00fcn\u00fcrl\u00fc\u011f\u00fc ile veteriner hekimlere eksiksiz, kapsaml\u0131, h\u0131zl\u0131 tetkik ve raporlama olana\u011f\u0131 sunmaktad\u0131r.<br \/>\nY\u00fcksek gradient 1,5 Tesla MR cihaz\u0131, ileri ve ak\u0131ll\u0131 teknoloji deste\u011fi ile \u00fcretildi\u011finden en kaliteli ve en g\u00fcvenilir te\u015fhisi koyma teknolojisine sahiptir. Bu sistem, en k\u00fc\u00e7\u00fck canl\u0131da bile \u0130STEN\u0130LEN T\u00dcM ayr\u0131nt\u0131lar\u0131n y\u00fcksek \u00e7\u00f6z\u00fcn\u00fcrl\u00fckte, keskin ve net olarak veteriner hekimin eline ge\u00e7mesine olanak sa\u011flar. Bu sayede veteriner hekim tan\u0131 koyma konusunda olduk\u00e7a y\u00fcksek avantaja sahip olur. G\u00fcn\u00fcm\u00fcz\u00fcn en iyi magnet homojenitesi ve en iyi sistem performans\u0131na sahip olan Y\u00fcksek gradient 1,5 Tesla MR cihaz\u0131m\u0131z ile, elde edilen g\u00f6r\u00fcnt\u00fcler son derece net ve keskindir. Sistemin sa\u011flad\u0131\u011f\u0131 y\u00fcksek<br \/>\ng\u00f6r\u00fcnt\u00fc kalitesi, do\u011fru tan\u0131 oran\u0131n\u0131 da \u00f6nemli \u00f6l\u00e7\u00fcde artt\u0131rmaktad\u0131r.<br \/>\nBu g\u00f6r\u00fcnt\u00fc kalitesi en k\u0131sa s\u00fcrede: T\u00fcm V\u00fccut MR, N\u00f6ro MR, Anjio MR, Ortopedik MR, G\u00f6vde MR, Onkolojik MR, Kolanjiografi MR incelemelerine olanak sa\u011flamaktad\u0131r. T\u00fcm v\u00fccut MR g\u00f6r\u00fcnt\u00fcleme \u201cTotal Imaging Matrix\u201d (TIM) teknolojisi ile tek seferde t\u00fcm v\u00fccut MR g\u00f6r\u00fcnt\u00fcleri y\u00fcksek \u00e7\u00f6z\u00fcn\u00fcrl\u00fckle elde edilebilmektedir. Son teknoloji ve g\u00f6r\u00fcnt\u00fclemede d\u00f6n\u00fcm noktas\u0131 kabul edilen, y\u00fcksek gradient 1.5 tesla MR cihaz\u0131m\u0131z ile t\u00fcm v\u00fccut, yakla\u015f\u0131k 15 dakikada detayl\u0131, net ve keskin olarak g\u00f6r\u00fcnt\u00fclenebilmektedir. Ayr\u0131ca bu sistem, gradyan performans\u0131ndan \u00f6d\u00fcn vermeden<br \/>\nakustik g\u00fcr\u00fclt\u00fcde \u00f6nemli bir azalma sa\u011flar. K\u0131sa tarama s\u00fcrelerine ve kullan\u0131m kolayl\u0131\u011f\u0131na ek olarak, ola\u011fan\u00fcst\u00fc kalitede g\u00f6r\u00fcnt\u00fcler sunar.<br \/>\nHastal\u0131\u011f\u0131n yayg\u0131nl\u0131\u011f\u0131n\u0131 g\u00f6stererek \u00f6zellikle kanser hastalar\u0131nda say\u0131s\u0131z avantaj sa\u011flayan t\u00fcm v\u00fccut MR g\u00f6r\u00fcnt\u00fcleme merkezimizde deneyimli uzman radyolog ve akademisyenlerin denetiminde ba\u015far\u0131yla uygulanmaktad\u0131r.[\/vc_column_text][vc_column_text]<\/p>\n<h5>Kedi ve k\u00f6peklerde, MR \u00e7ekim a\u015famalar\u0131 nelerdir?<\/h5>\n<p>[\/vc_column_text][vc_separator type=&#8221;transparent&#8221; up=&#8221;3&#8243; down=&#8221;3&#8243;][vc_column_text]Kedi ve k\u00f6peklerde, MR \u00e7ekim a\u015famalar\u0131 3 basamaktan olu\u015fur.<br \/>\n\u2022 Anestezi<br \/>\n\u2022 MR \u00e7ekimi<br \/>\n\u2022 Raporlama[\/vc_column_text][vc_separator type=&#8221;transparent&#8221; up=&#8221;10&#8243; down=&#8221;10&#8243;][vc_column_text]<\/p>\n<h5>Kedi ve k\u00f6peklerde, MR \u00e7ekiminde dikkat edilmesi gerekenler nelerdir?<\/h5>\n<p>[\/vc_column_text][vc_separator type=&#8221;transparent&#8221; up=&#8221;3&#8243; down=&#8221;3&#8243;][vc_column_text]MR \u00e7ekimlerinde her canl\u0131 i\u00e7in tam hareketsizlik durumu istenir. Bu nedenle kedi ve k\u00f6peklerde, MR \u00e7ekimi anestezi alt\u0131nda ger\u00e7ekle\u015ftirilir. Bilindi\u011fi \u00fczere anestezi t\u00fcm canl\u0131lar i\u00e7in bir risk i\u00e7erir, bu riski en aza indirmek i\u00e7in hayvanlara anestezi \u00f6ncesi birtak\u0131m testler uygulanarak hayvan\u0131n anestezi riskleri de\u011ferlendirilir. Sonras\u0131nda MR uyumlu gaz anestezi cihaz\u0131m\u0131zla daha g\u00fcvenli bir \u015fekilde ve \u00e7ok k\u0131sa s\u00fcre i\u00e7erisinde \u00e7ekim ger\u00e7ekle\u015ftirilir.[\/vc_column_text][vc_separator type=&#8221;transparent&#8221; up=&#8221;10&#8243; down=&#8221;10&#8243;][vc_column_text]<\/p>\n<h5>Anestezi a\u015famas\u0131 nelerdir?<\/h5>\n<p>[\/vc_column_text][vc_separator type=&#8221;transparent&#8221; up=&#8221;3&#8243; down=&#8221;3&#8243;][vc_column_text]Evcil hayvanlarda MR \u00e7ekimi (Kedi MR, K\u00f6pek MR) i\u00e7in hayvanlara genel anestezi uygulan\u0131r. Hayvan\u0131n genel anesteziye al\u0131nmas\u0131 i\u00e7in detayl\u0131 bir muayene ihtiya\u00e7 vard\u0131r ve baz\u0131 durumlarda kan testleri istenebilir. Bu testler olas\u0131 anestezi riskinin de\u011ferlendirilmesi a\u00e7\u0131s\u0131ndan y\u00fcksek \u00f6neme sahiptir. MR \u00e7ekimi s\u0131ras\u0131nda uzman veteriner hekim, olas\u0131 anestezi komplikasyonlar\u0131na an\u0131nda m\u00fcdahale etmek i\u00e7in k\u00fc\u00e7\u00fck dostunuzun yan\u0131nda bulunur.[\/vc_column_text][vc_separator type=&#8221;transparent&#8221; up=&#8221;10&#8243; down=&#8221;10&#8243;][vc_column_text]<\/p>\n<h5>Raporlama ne kadar s\u00fcrer?<\/h5>\n<p>[\/vc_column_text][vc_separator type=&#8221;transparent&#8221; up=&#8221;3&#8243; down=&#8221;4&#8243;][vc_column_text]MR \u00e7ekimi sonras\u0131, uzman radyolo\u011fumuz taraf\u0131ndan olu\u015fturulan raporlar en ge\u00e7 2 g\u00fcn i\u00e7erisinde elinize ula\u015f\u0131r.[\/vc_column_text][vc_separator type=&#8221;transparent&#8221; up=&#8221;10&#8243; down=&#8221;10&#8243;][vc_column_text]<\/p>\n<h5>MR \u00e7ekimine gelmeden \u00f6nce, hasta sahibinin bilmesi gerekenler nelerdir?<\/h5>\n<p>[\/vc_column_text][vc_separator type=&#8221;transparent&#8221; up=&#8221;3&#8243; down=&#8221;4&#8243;][vc_column_text]<\/p>\n<ul>\n<li>Evcil hayvan\u0131n\u0131za MR \u00e7ekimi s\u0131ras\u0131nda genel anestezi uygulanacakt\u0131r.<\/li>\n<li>Daha \u00f6nce operasyon ge\u00e7irmi\u015f, metal implant, protez veya mikro\u00e7ip uygulanan hayvanlarda bu cisimlerin, MR sinyallerini bozucu etki yapabilece\u011finden (sa\u011fl\u0131k y\u00f6n\u00fcnden bir sorun yaratmayacaksa) cerrahi m\u00fcdahale ile \u00e7\u0131kart\u0131lmas\u0131 istenebilir.<br \/>\n\u2022 Evcil hayvan\u0131n\u0131za MR \u00e7ekimine gelmeden 3-4 saat \u00f6ncesi yemek ve su vermeyi kesmelisiniz.<br \/>\n\u2022 Evcil hayvan\u0131n\u0131z\u0131n daha \u00f6nce ge\u00e7irmi\u015f oldu\u011fu hastal\u0131klar hakk\u0131nda, ameliyat olmu\u015fsa nerede nas\u0131l bir ameliyat ge\u00e7irdi\u011fi hakk\u0131nda ve herhangi bir ila\u00e7 kullan\u0131m\u0131 devam ediyorsa (kalp, epilepsi, di\u011fer<br \/>\nila\u00e7lar) hangi ila\u00e7lar\u0131 kulland\u0131\u011f\u0131 hakk\u0131nda veteriner hekiminize mutlaka bilgi vermelisiniz. \u00d6zellikle epilepsi veya antidepresan ila\u00e7lar bir g\u00fcn \u00f6ncesinde kesilmelidir.<br \/>\n\u2022 MR \u00e7ekimine gelmeden \u00f6nce kimlik, tasma ve varsa k\u0131yafetler \u00e7\u0131kart\u0131lmal\u0131d\u0131r.<\/li>\n<\/ul>\n<p>[\/vc_column_text][vc_separator type=&#8221;transparent&#8221; up=&#8221;10&#8243; down=&#8221;10&#8243;][vc_column_text]<\/p>\n<h5>Hangi durumlarda MR \u00e7ekimi yap\u0131l\u0131r?<\/h5>\n<p>[\/vc_column_text][vc_separator type=&#8221;transparent&#8221; up=&#8221;3&#8243; down=&#8221;4&#8243;][vc_column_text]\u2022 Hayvanlar\u0131n v\u00fccudundaki yumu\u015fak dokular\u0131n g\u00f6r\u00fcnt\u00fclenmesinde;<br \/>\n\u2022 Kafatas\u0131n\u0131n i\u00e7ine bak\u0131lmas\u0131 gereken durumlarda;<br \/>\n\u2022 Beyinde var olan ya da var oldu\u011funa \u015f\u00fcphe edilen, epilepsi n\u00f6betlerine sebep olabilecek t\u00fcm\u00f6rlerin tan\u0131s\u0131n\u0131n konulmas\u0131 durumlar\u0131nda;<br \/>\n\u2022 Beyin, omurilik hastal\u0131klar\u0131nda;<br \/>\n\u2022 Kas, ba\u011f, kan damar\u0131, karaci\u011fer, b\u00f6brek, pankreas, ba\u011f\u0131rsaklar\u0131n detayl\u0131 g\u00f6r\u00fcnt\u00fclenmesinde;<br \/>\n\u2022 \u0130\u00e7 organ hastal\u0131klar\u0131n\u0131n te\u015fhisinde;<br \/>\n\u2022 Kanser hastal\u0131\u011f\u0131nda, metastazlar\u0131n g\u00f6r\u00fcnt\u00fclenmesinde;<br \/>\n\u2022 Kalp hastal\u0131klar\u0131n\u0131n son durumunun detayl\u0131 bir \u015fekilde incelenmesinde;<br \/>\n\u2022 Kazaya ya da farkl\u0131 sebeplere ba\u011fl\u0131 olarak ba\u015f g\u00f6steren beyin kanamas\u0131 gibi ciddi sars\u0131nt\u0131 olu\u015fan durumlar\u0131n detayl\u0131 analizinde MR \u00e7ekimi yap\u0131l\u0131r.[\/vc_column_text][\/qode_elements_holder_item][\/qode_elements_holder][\/vc_column][\/vc_row]<\/p>\n","protected":false},"excerpt":{"rendered":"<p>[vc_row css_animation=&#8221;&#8221; row_type=&#8221;row&#8221; use_row_as_full_screen_section=&#8221;no&#8221; type=&#8221;full_width&#8221; angled_section=&#8221;no&#8221; text_align=&#8221;left&#8221; background_image_as_pattern=&#8221;without_pattern&#8221;][vc_column][qode_elements_holder number_of_columns=&#8221;two_columns&#8221;][qode_elements_holder_item vertical_alignment=&#8221;middle&#8221; horizontal_alignment=&#8221;left&#8221; advanced_animations=&#8221;no&#8221; item_padding=&#8221;0px 30px 0px 0px&#8221;][vc_column_text] Y\u00dcKSEK GRAD\u0130ENT 1.5 TESLA MR \u0130LE Y\u00dcKSEK D\u00dcZEYDE \u00c7\u00d6Z\u00dcN\u00dcRL\u00dcK, EKS\u0130KS\u0130Z, KAPSAMLI VE HIZLI TETK\u0130K, RAPORLAMA [\/vc_column_text][vc_separator type=&#8221;transparent&#8221; up=&#8221;3&#8243; down=&#8221;3&#8243;][vc_column_text]Manyetik Rezonans\u2019 \u0131n (MR) tarih\u00e7esine bak\u0131\u015f; MR \u201cManyetik Rezonans\u201d kelimelerinin ingilizce&#8230;<\/p>\n","protected":false},"author":1,"featured_media":0,"parent":0,"menu_order":0,"comment_status":"closed","ping_status":"closed","template":"","meta":{"ngg_post_thumbnail":0},"yoast_head":"<!-- This site is optimized with the Yoast SEO plugin v15.9.1 - https:\/\/yoast.com\/wordpress\/plugins\/seo\/ -->\n<title>MR - VetMR<\/title>\n<meta name=\"robots\" content=\"index, follow, max-snippet:-1, max-image-preview:large, max-video-preview:-1\" \/>\n<link rel=\"canonical\" href=\"https:\/\/vetmr.com.tr\/index.php\/mr\/\" \/>\n<meta property=\"og:locale\" content=\"tr_TR\" \/>\n<meta property=\"og:type\" content=\"article\" \/>\n<meta property=\"og:title\" content=\"MR - VetMR\" \/>\n<meta property=\"og:description\" content=\"[vc_row css_animation=&#8221;&#8221; row_type=&#8221;row&#8221; use_row_as_full_screen_section=&#8221;no&#8221; type=&#8221;full_width&#8221; angled_section=&#8221;no&#8221; text_align=&#8221;left&#8221; background_image_as_pattern=&#8221;without_pattern&#8221;][vc_column][qode_elements_holder number_of_columns=&#8221;two_columns&#8221;][qode_elements_holder_item vertical_alignment=&#8221;middle&#8221; horizontal_alignment=&#8221;left&#8221; advanced_animations=&#8221;no&#8221; item_padding=&#8221;0px 30px 0px 0px&#8221;][vc_column_text] Y\u00dcKSEK GRAD\u0130ENT 1.5 TESLA MR \u0130LE Y\u00dcKSEK D\u00dcZEYDE \u00c7\u00d6Z\u00dcN\u00dcRL\u00dcK, EKS\u0130KS\u0130Z, KAPSAMLI VE HIZLI TETK\u0130K, RAPORLAMA [\/vc_column_text][vc_separator type=&#8221;transparent&#8221; up=&#8221;3&#8243; down=&#8221;3&#8243;][vc_column_text]Manyetik Rezonans\u2019 \u0131n (MR) tarih\u00e7esine bak\u0131\u015f; MR \u201cManyetik Rezonans\u201d kelimelerinin ingilizce...\" \/>\n<meta property=\"og:url\" content=\"https:\/\/vetmr.com.tr\/index.php\/mr\/\" \/>\n<meta property=\"og:site_name\" content=\"VetMR\" \/>\n<meta property=\"article:modified_time\" content=\"2022-05-16T15:03:02+00:00\" \/>\n<meta property=\"og:image\" content=\"https:\/\/vetmr.com.tr\/wp-content\/uploads\/2020\/11\/logo.png\" \/>\n\t<meta property=\"og:image:width\" content=\"300\" \/>\n\t<meta property=\"og:image:height\" content=\"153\" \/>\n<meta name=\"twitter:card\" content=\"summary_large_image\" \/>\n<meta name=\"twitter:label1\" content=\"Tahmini okuma s\u00fcresi\">\n\t<meta name=\"twitter:data1\" content=\"5 dakika\">\n<script type=\"application\/ld+json\" class=\"yoast-schema-graph\">{\"@context\":\"https:\/\/schema.org\",\"@graph\":[{\"@type\":\"WebSite\",\"@id\":\"https:\/\/vetmr.com.tr\/#website\",\"url\":\"https:\/\/vetmr.com.tr\/\",\"name\":\"VetMR\",\"description\":\"PET G\\u00f6r\\u00fcnt\\u00fcleme Merkezi | Pet Imaging Center\",\"potentialAction\":[{\"@type\":\"SearchAction\",\"target\":\"https:\/\/vetmr.com.tr\/?s={search_term_string}\",\"query-input\":\"required name=search_term_string\"}],\"inLanguage\":\"tr\"},{\"@type\":\"WebPage\",\"@id\":\"https:\/\/vetmr.com.tr\/index.php\/mr\/#webpage\",\"url\":\"https:\/\/vetmr.com.tr\/index.php\/mr\/\",\"name\":\"MR - VetMR\",\"isPartOf\":{\"@id\":\"https:\/\/vetmr.com.tr\/#website\"},\"datePublished\":\"2020-11-20T14:33:20+00:00\",\"dateModified\":\"2022-05-16T15:03:02+00:00\",\"breadcrumb\":{\"@id\":\"https:\/\/vetmr.com.tr\/index.php\/mr\/#breadcrumb\"},\"inLanguage\":\"tr\",\"potentialAction\":[{\"@type\":\"ReadAction\",\"target\":[\"https:\/\/vetmr.com.tr\/index.php\/mr\/\"]}]},{\"@type\":\"BreadcrumbList\",\"@id\":\"https:\/\/vetmr.com.tr\/index.php\/mr\/#breadcrumb\",\"itemListElement\":[{\"@type\":\"ListItem\",\"position\":1,\"item\":{\"@type\":\"WebPage\",\"@id\":\"https:\/\/vetmr.com.tr\/\",\"url\":\"https:\/\/vetmr.com.tr\/\",\"name\":\"Ana sayfa\"}},{\"@type\":\"ListItem\",\"position\":2,\"item\":{\"@type\":\"WebPage\",\"@id\":\"https:\/\/vetmr.com.tr\/index.php\/mr\/\",\"url\":\"https:\/\/vetmr.com.tr\/index.php\/mr\/\",\"name\":\"MR\"}}]}]}<\/script>\n<!-- \/ Yoast SEO plugin. -->","_links":{"self":[{"href":"https:\/\/vetmr.com.tr\/index.php\/wp-json\/wp\/v2\/pages\/395"}],"collection":[{"href":"https:\/\/vetmr.com.tr\/index.php\/wp-json\/wp\/v2\/pages"}],"about":[{"href":"https:\/\/vetmr.com.tr\/index.php\/wp-json\/wp\/v2\/types\/page"}],"author":[{"embeddable":true,"href":"https:\/\/vetmr.com.tr\/index.php\/wp-json\/wp\/v2\/users\/1"}],"replies":[{"embeddable":true,"href":"https:\/\/vetmr.com.tr\/index.php\/wp-json\/wp\/v2\/comments?post=395"}],"version-history":[{"count":59,"href":"https:\/\/vetmr.com.tr\/index.php\/wp-json\/wp\/v2\/pages\/395\/revisions"}],"predecessor-version":[{"id":1144,"href":"https:\/\/vetmr.com.tr\/index.php\/wp-json\/wp\/v2\/pages\/395\/revisions\/1144"}],"wp:attachment":[{"href":"https:\/\/vetmr.com.tr\/index.php\/wp-json\/wp\/v2\/media?parent=395"}],"curies":[{"name":"wp","href":"https:\/\/api.w.org\/{rel}","templated":true}]}}