{"id":386,"date":"2020-11-20T17:31:09","date_gmt":"2020-11-20T14:31:09","guid":{"rendered":"https:\/\/vetmr.com.tr\/?page_id=386"},"modified":"2020-11-23T02:12:15","modified_gmt":"2020-11-22T23:12:15","slug":"ekibimiz","status":"publish","type":"page","link":"https:\/\/vetmr.com.tr\/index.php\/ekibimiz\/","title":{"rendered":"EK\u0130B\u0130M\u0130Z"},"content":{"rendered":"\n<p>Sayfa D\u00fczenlenmektedir.<\/p>\n","protected":false},"excerpt":{"rendered":"<p>Sayfa D\u00fczenlenmektedir.<\/p>\n","protected":false},"author":1,"featured_media":0,"parent":0,"menu_order":0,"comment_status":"closed","ping_status":"closed","template":"","meta":{"ngg_post_thumbnail":0},"yoast_head":"<!-- This site is optimized with the Yoast SEO plugin v15.9.1 - https:\/\/yoast.com\/wordpress\/plugins\/seo\/ -->\n<title>EK\u0130B\u0130M\u0130Z - VetMR<\/title>\n<meta name=\"robots\" content=\"index, follow, max-snippet:-1, max-image-preview:large, max-video-preview:-1\" \/>\n<link rel=\"canonical\" href=\"https:\/\/vetmr.com.tr\/index.php\/ekibimiz\/\" \/>\n<meta property=\"og:locale\" content=\"tr_TR\" \/>\n<meta property=\"og:type\" content=\"article\" \/>\n<meta property=\"og:title\" content=\"EK\u0130B\u0130M\u0130Z - VetMR\" \/>\n<meta property=\"og:description\" content=\"Sayfa D\u00fczenlenmektedir.\" \/>\n<meta property=\"og:url\" content=\"https:\/\/vetmr.com.tr\/index.php\/ekibimiz\/\" \/>\n<meta property=\"og:site_name\" content=\"VetMR\" \/>\n<meta property=\"article:modified_time\" content=\"2020-11-22T23:12:15+00:00\" \/>\n<meta property=\"og:image\" content=\"https:\/\/vetmr.com.tr\/wp-content\/uploads\/2020\/11\/logo.png\" \/>\n\t<meta property=\"og:image:width\" content=\"300\" \/>\n\t<meta property=\"og:image:height\" content=\"153\" \/>\n<meta name=\"twitter:card\" content=\"summary_large_image\" \/>\n<script type=\"application\/ld+json\" class=\"yoast-schema-graph\">{\"@context\":\"https:\/\/schema.org\",\"@graph\":[{\"@type\":\"WebSite\",\"@id\":\"https:\/\/vetmr.com.tr\/#website\",\"url\":\"https:\/\/vetmr.com.tr\/\",\"name\":\"VetMR\",\"description\":\"PET G\\u00f6r\\u00fcnt\\u00fcleme Merkezi | Pet Imaging Center\",\"potentialAction\":[{\"@type\":\"SearchAction\",\"target\":\"https:\/\/vetmr.com.tr\/?s={search_term_string}\",\"query-input\":\"required name=search_term_string\"}],\"inLanguage\":\"tr\"},{\"@type\":\"WebPage\",\"@id\":\"https:\/\/vetmr.com.tr\/index.php\/ekibimiz\/#webpage\",\"url\":\"https:\/\/vetmr.com.tr\/index.php\/ekibimiz\/\",\"name\":\"EK\\u0130B\\u0130M\\u0130Z - VetMR\",\"isPartOf\":{\"@id\":\"https:\/\/vetmr.com.tr\/#website\"},\"datePublished\":\"2020-11-20T14:31:09+00:00\",\"dateModified\":\"2020-11-22T23:12:15+00:00\",\"breadcrumb\":{\"@id\":\"https:\/\/vetmr.com.tr\/index.php\/ekibimiz\/#breadcrumb\"},\"inLanguage\":\"tr\",\"potentialAction\":[{\"@type\":\"ReadAction\",\"target\":[\"https:\/\/vetmr.com.tr\/index.php\/ekibimiz\/\"]}]},{\"@type\":\"BreadcrumbList\",\"@id\":\"https:\/\/vetmr.com.tr\/index.php\/ekibimiz\/#breadcrumb\",\"itemListElement\":[{\"@type\":\"ListItem\",\"position\":1,\"item\":{\"@type\":\"WebPage\",\"@id\":\"https:\/\/vetmr.com.tr\/\",\"url\":\"https:\/\/vetmr.com.tr\/\",\"name\":\"Ana sayfa\"}},{\"@type\":\"ListItem\",\"position\":2,\"item\":{\"@type\":\"WebPage\",\"@id\":\"https:\/\/vetmr.com.tr\/index.php\/ekibimiz\/\",\"url\":\"https:\/\/vetmr.com.tr\/index.php\/ekibimiz\/\",\"name\":\"EK\\u0130B\\u0130M\\u0130Z\"}}]}]}<\/script>\n<!-- \/ Yoast SEO plugin. -->","_links":{"self":[{"href":"https:\/\/vetmr.com.tr\/index.php\/wp-json\/wp\/v2\/pages\/386"}],"collection":[{"href":"https:\/\/vetmr.com.tr\/index.php\/wp-json\/wp\/v2\/pages"}],"about":[{"href":"https:\/\/vetmr.com.tr\/index.php\/wp-json\/wp\/v2\/types\/page"}],"author":[{"embeddable":true,"href":"https:\/\/vetmr.com.tr\/index.php\/wp-json\/wp\/v2\/users\/1"}],"replies":[{"embeddable":true,"href":"https:\/\/vetmr.com.tr\/index.php\/wp-json\/wp\/v2\/comments?post=386"}],"version-history":[{"count":2,"href":"https:\/\/vetmr.com.tr\/index.php\/wp-json\/wp\/v2\/pages\/386\/revisions"}],"predecessor-version":[{"id":756,"href":"https:\/\/vetmr.com.tr\/index.php\/wp-json\/wp\/v2\/pages\/386\/revisions\/756"}],"wp:attachment":[{"href":"https:\/\/vetmr.com.tr\/index.php\/wp-json\/wp\/v2\/media?parent=386"}],"curies":[{"name":"wp","href":"https:\/\/api.w.org\/{rel}","templated":true}]}}