{"id":367,"date":"2020-11-20T12:58:00","date_gmt":"2020-11-20T09:58:00","guid":{"rendered":"https:\/\/vetmr.com.tr\/?page_id=367"},"modified":"2021-05-11T13:51:56","modified_gmt":"2021-05-11T10:51:56","slug":"hakkimizda","status":"publish","type":"page","link":"https:\/\/vetmr.com.tr\/index.php\/hakkimizda\/","title":{"rendered":"HAKKIMIZDA"},"content":{"rendered":"<p>[vc_row css_animation=&#8221;&#8221; row_type=&#8221;row&#8221; use_row_as_full_screen_section=&#8221;no&#8221; type=&#8221;full_width&#8221; angled_section=&#8221;no&#8221; text_align=&#8221;left&#8221; background_image_as_pattern=&#8221;without_pattern&#8221; css=&#8221;.vc_custom_1605133689090{background-color: #ffffff !important;}&#8221; z_index=&#8221;&#8221; background_color=&#8221;#ffffff&#8221;][vc_column][vc_separator type=&#8221;transparent&#8221; up=&#8221;30&#8243; down=&#8221;30&#8243;][vc_row_inner row_type=&#8221;row&#8221; type=&#8221;grid&#8221; text_align=&#8221;left&#8221; css_animation=&#8221;&#8221;][vc_column_inner][qode_elements_holder number_of_columns=&#8221;two_columns&#8221; columns_proportion=&#8221;33_66&#8243;][qode_elements_holder_item vertical_alignment=&#8221;top&#8221; horizontal_alignment=&#8221;left&#8221; advanced_animations=&#8221;no&#8221;][vc_single_image image=&#8221;120&#8243; img_size=&#8221;full&#8221; qode_css_animation=&#8221;&#8221;][\/qode_elements_holder_item][qode_elements_holder_item vertical_alignment=&#8221;middle&#8221; horizontal_alignment=&#8221;left&#8221; advanced_animations=&#8221;no&#8221; item_padding=&#8221;0px 0px 0px 50px&#8221;][vc_column_text]<\/p>\n<h4>D\u00fcnyan\u0131n say\u0131l\u0131, T\u00fcrkiye&#8217;nin ilk Pet G\u00f6r\u00fcnt\u00fcleme Merkezi<\/h4>\n<p>[\/vc_column_text][vc_separator type=&#8221;transparent&#8221; up=&#8221;4&#8243; down=&#8221;4&#8243;][vc_column_text]<\/p>\n<h1><span style=\"color: #800080;\">y\u00fcksek teknoloji ve uzman kadro&#8230;<\/span><\/h1>\n<p>[\/vc_column_text][vc_separator type=&#8221;transparent&#8221; up=&#8221;20&#8243; down=&#8221;20&#8243;][vc_column_text]<\/p>\n<h6>Veteriner Hekimli\u011fe adanm\u0131\u015f bir hayalin ger\u00e7e\u011fe d\u00f6n\u00fc\u015fm\u00fc\u015f hali olan VetMR d\u00fcnyan\u0131n say\u0131l\u0131, T\u00fcrkiye\u2019nin ilk pet g\u00f6r\u00fcnt\u00fcleme merkezi olarak 11.11.2020 tarihinde can dostlar\u0131m\u0131z\u0131n sa\u011fl\u0131\u011f\u0131 ve mutlulu\u011fu i\u00e7inhizmete ba\u015flam\u0131\u015ft\u0131r.<\/h6>\n<h6>VetMR, pet g\u00f6r\u00fcnt\u00fcleme merkezleri alan\u0131nda marka anlam\u0131 ve etkisi olarak T\u00fcrkiye ve Avrupa\u2019 da ba\u015fta olmak \u00fczere t\u00fcm d\u00fcnyada MR ve t\u0131bbi g\u00f6r\u00fcnt\u00fcleme teknolojileri alan\u0131nda yayg\u0131nla\u015ft\u0131r\u0131c\u0131 bir etkiye sahip olmak i\u00e7in yola \u00e7\u0131km\u0131\u015ft\u0131r. Bu nedenle pet g\u00f6r\u00fcnt\u00fcleme alan\u0131nda d\u00fcnya \u00e7ap\u0131nda bir iz yaratmak ad\u0131na amac\u0131m\u0131z, dostlar\u0131m\u0131z\u0131n sa\u011fl\u0131\u011f\u0131 ve refah\u0131 i\u00e7in etik ilkelerinden \u00f6d\u00fcn vermeden, kalite standartlar\u0131 \u00e7er\u00e7evesinde alan\u0131nda \u00e7ok ba\u015far\u0131l\u0131 se\u00e7kin kadrosuyla, bilimin \u0131\u015f\u0131\u011f\u0131nda \u201cbilinmeyeni bilmek, g\u00f6r\u00fcnmeyeni g\u00f6rmek\u201d ve teknolojinin t\u00fcm imkanlar\u0131n\u0131 sadece onlar i\u00e7in kullanarak en iyi kalitede en iyi hizmeti sunmakt\u0131r.<\/h6>\n<h6>22 y\u0131ld\u0131r tutkuyla s\u00fcrd\u00fcrd\u00fc\u011f\u00fcm\u00fcz hekimlik anlay\u0131\u015f\u0131n\u0131 bir ad\u0131m daha \u00f6teye g\u00f6t\u00fcrerek kurdu\u011fumuz T\u00fcrkiye\u2019 nin ilk \u201cPet G\u00f6r\u00fcnt\u00fcleme Merkezi\u201d VetMR inan\u0131yoruz ki veteriner hekimlik mesle\u011fine b\u00fcy\u00fck katk\u0131larda bulunacakt\u0131r. T\u0131bbi etik ilkelerden asla \u00f6d\u00fcn vermeden do\u011fru ve g\u00fcvenilir tan\u0131ya ula\u015fmak i\u00e7in se\u00e7kin kadrosu ile bilimsel ve teknolojik geli\u015fmeleri takip eden VetMR; hasta, hasta sahibi ve \u00e7al\u0131\u015fan memnuniyeti odakl\u0131, uluslararas\u0131 kalite standartlar\u0131nda hizmet anlay\u0131\u015f\u0131 ile sekt\u00f6rde \u00f6nc\u00fc uygulamalarla fark yaratarak veteriner sa\u011fl\u0131\u011f\u0131nda d\u00fcnya markas\u0131 olma yolunda hi\u00e7 durmadan ilerleyecektir.<\/h6>\n<p>[\/vc_column_text][vc_separator type=&#8221;transparent&#8221; up=&#8221;20&#8243; down=&#8221;20&#8243;][vc_column_text]<\/p>\n<h5><strong>Vet. Hekimi Edip Kocaman<\/strong><\/h5>\n<h6><em>&nbsp;Kurucu Ba\u015fkan<\/em><\/h6>\n<p>[\/vc_column_text][\/qode_elements_holder_item][\/qode_elements_holder][vc_separator type=&#8221;transparent&#8221; up=&#8221;30&#8243; down=&#8221;30&#8243;][\/vc_column_inner][\/vc_row_inner][\/vc_column][\/vc_row][vc_row css_animation=&#8221;&#8221; row_type=&#8221;row&#8221; use_row_as_full_screen_section=&#8221;no&#8221; type=&#8221;full_width&#8221; angled_section=&#8221;no&#8221; text_align=&#8221;left&#8221; background_image_as_pattern=&#8221;without_pattern&#8221;][vc_column][vc_column_text]<\/p>\n<h3><span style=\"color: #000000;\">Sevgili Veteriner Meslekta\u015flar\u0131m ve De\u011ferli Hayvan Severler<\/span><\/h3>\n<p>[vc_separator type=&#8221;transparent&#8221; up=&#8221;7&#8243; down=&#8221;7&#8243;][vc_column_text el_class=&#8221;numan1&#8243;]\u00dclkemizde Pet Sa\u011fl\u0131\u011f\u0131 ile ilgili tedavi hizmetleri 1980-1990\u2019l\u0131 y\u0131llarda at\u0131l\u0131m yapmaya ba\u015flam\u0131\u015ft\u0131r. 2000\u2019li y\u0131llarda oldukca iyi bir yol alm\u0131\u015f ve 2010-2020 \u2018li y\u0131llarda ise inan\u0131lmaz derecede ileri bir seviyeye ula\u015fm\u0131\u015ft\u0131r.<img loading=\"lazy\" class=\" wp-image-821 alignright\" src=\"https:\/\/vetmr.com.tr\/wp-content\/uploads\/2020\/11\/22-1.png\" alt=\"\" width=\"291\" height=\"418\" srcset=\"https:\/\/vetmr.com.tr\/wp-content\/uploads\/2020\/11\/22-1.png 714w, https:\/\/vetmr.com.tr\/wp-content\/uploads\/2020\/11\/22-1-209x300.png 209w, https:\/\/vetmr.com.tr\/wp-content\/uploads\/2020\/11\/22-1-700x1004.png 700w\" sizes=\"(max-width: 291px) 100vw, 291px\" \/>\u0130nsan hekimli\u011finde oldu\u011fu gibi, Veteriner hekimli\u011fimizde de pet hayvanlar\u0131m\u0131z\u0131n sa\u011fl\u0131k problemlerini \u00e7\u00f6zmek ve net olarak te\u015fhis koyabilmek i\u00e7in,<\/p>\n<p>&nbsp;tan\u0131 laboratuvarlar\u0131 ile birlikte g\u00f6r\u00fcnt\u00fcleme tekniklerine ihtiya\u00e7&nbsp;duyulmaktad\u0131r.<br \/>\nG\u00f6r\u00fcnt\u00fcleme teknikleri olarak adland\u0131rd\u0131\u011f\u0131m\u0131z Radyolojik (CR-Computure Radyografi, DR-Dijital Radyografi) , Ultrasonografik, Endoskopik ve \u0130leri g\u00f6r\u00fcnt\u00fcleme tekniklerinden yararlan\u0131lmaktad\u0131r.<br \/>\nBu g\u00fcnlere kadar pet sa\u011fl\u0131\u011f\u0131 ile ilgili Bilgisayarl\u0131 Tomografi-BT ve Manyetik Rezonans-MR \u00e7ekimleri, &nbsp;insan hekimli\u011finde kullan\u0131lan g\u00f6r\u00fcnt\u00fcleme merkezlerin de yap\u0131lmaktayd\u0131. Ancak bu \u00e7ekimler &nbsp;g\u00fcn\u00fcn ge\u00e7 saatlerinde, hatta &nbsp;gece yar\u0131lar\u0131nda yap\u0131labiliniyordu. Bu durum meslekta\u015flar\u0131m\u0131z ve hayvan sahipleri a\u00e7\u0131s\u0131ndan b\u00fcy\u00fck g\u00fc\u00e7l\u00fck yaratmaktayd\u0131.<br \/>\nAncak \u015fimdi; T\u00fcrkiye\u2019mizde de ilk olan \u201cVET- MR Pet G\u00f6r\u00fcnt\u00fcleme Merkezi\u201d inde, normal \u00e7al\u0131\u015fma saatlerinde \u00e7ekim yap\u0131lacakt\u0131r.<br \/>\nD\u00fcnya standartlar\u0131nda olan Vet-MR g\u00f6r\u00fcnt\u00fcleme merkezi meslekta\u015flar\u0131m\u0131z\u0131n ve Pet sevenlerin hizmetine girmi\u015f bulunmaktad\u0131r.<br \/>\nMesle\u011fimize faydal\u0131 olmak amac\u0131yla &nbsp;b\u00fcy\u00fck fedakarl\u0131klar ve yo\u011fun yorucu bir \u00e7al\u0131\u015fma sonucunda &nbsp;b\u00f6yle bir yere kavu\u015fulmu\u015ftur.<br \/>\nMerkezimizde konusunda deneyimli Veteriner Hekim, Veteriner anestezi ve Radyoloji Teknisyeni e\u015fli\u011finde, rahat ve konforlu bir ortamda g\u00fcvenli olarak \u00e7ekimler yap\u0131lmaktad\u0131r.<br \/>\n\u00c7ekim sonu\u00e7lar\u0131, k\u0131sa zamanda Uzman Radyolo\u011fumuzca raporlan\u0131p, veteriner meslekta\u015flar\u0131m\u0131za ve hasta sahiplerine iletilmektedir.<\/p>\n<p><strong><em>VET-MR Pet G\u00f6r\u00fcnt\u00fcleme Merkezinin, Veteriner hekimli\u011fi meslek&nbsp; toplulu\u011fumuza ve hayvan severlerine hay\u0131rl\u0131, u\u011furlu olmas\u0131n\u0131 dilerim.<\/em><\/strong>[\/vc_column_text][vc_separator type=&#8221;transparent&#8221; up=&#8221;7&#8243; down=&#8221;7&#8243;][vc_column_text el_class=&#8221;numan38&#8243;]<\/p>\n<h5><span style=\"color: #000000;\"><strong>Vet.Hek. Prof. Dr. Suphi Erdem Acar<\/strong><\/span><\/h5>\n<p>&nbsp;[\/vc_column_text][\/vc_column][\/vc_row]<\/p>\n","protected":false},"excerpt":{"rendered":"<p>[vc_row css_animation=&#8221;&#8221; row_type=&#8221;row&#8221; use_row_as_full_screen_section=&#8221;no&#8221; type=&#8221;full_width&#8221; angled_section=&#8221;no&#8221; text_align=&#8221;left&#8221; background_image_as_pattern=&#8221;without_pattern&#8221; css=&#8221;.vc_custom_1605133689090{background-color: #ffffff !important;}&#8221; z_index=&#8221;&#8221; background_color=&#8221;#ffffff&#8221;][vc_column][vc_separator type=&#8221;transparent&#8221; up=&#8221;30&#8243; down=&#8221;30&#8243;][vc_row_inner row_type=&#8221;row&#8221; type=&#8221;grid&#8221; text_align=&#8221;left&#8221; css_animation=&#8221;&#8221;][vc_column_inner][qode_elements_holder number_of_columns=&#8221;two_columns&#8221; columns_proportion=&#8221;33_66&#8243;][qode_elements_holder_item vertical_alignment=&#8221;top&#8221; horizontal_alignment=&#8221;left&#8221; advanced_animations=&#8221;no&#8221;][vc_single_image image=&#8221;120&#8243; img_size=&#8221;full&#8221; qode_css_animation=&#8221;&#8221;][\/qode_elements_holder_item][qode_elements_holder_item vertical_alignment=&#8221;middle&#8221; horizontal_alignment=&#8221;left&#8221; advanced_animations=&#8221;no&#8221; item_padding=&#8221;0px 0px 0px 50px&#8221;][vc_column_text] D\u00fcnyan\u0131n say\u0131l\u0131, T\u00fcrkiye&#8217;nin ilk Pet G\u00f6r\u00fcnt\u00fcleme Merkezi [\/vc_column_text][vc_separator type=&#8221;transparent&#8221; up=&#8221;4&#8243;&#8230;<\/p>\n","protected":false},"author":1,"featured_media":0,"parent":0,"menu_order":0,"comment_status":"closed","ping_status":"closed","template":"","meta":{"ngg_post_thumbnail":0},"yoast_head":"<!-- This site is optimized with the Yoast SEO plugin v15.9.1 - https:\/\/yoast.com\/wordpress\/plugins\/seo\/ -->\n<title>HAKKIMIZDA - VetMR<\/title>\n<meta name=\"robots\" content=\"index, follow, max-snippet:-1, max-image-preview:large, max-video-preview:-1\" \/>\n<link rel=\"canonical\" href=\"https:\/\/vetmr.com.tr\/index.php\/hakkimizda\/\" \/>\n<meta property=\"og:locale\" content=\"tr_TR\" \/>\n<meta property=\"og:type\" content=\"article\" \/>\n<meta property=\"og:title\" content=\"HAKKIMIZDA - VetMR\" \/>\n<meta property=\"og:description\" content=\"[vc_row css_animation=&#8221;&#8221; row_type=&#8221;row&#8221; use_row_as_full_screen_section=&#8221;no&#8221; type=&#8221;full_width&#8221; angled_section=&#8221;no&#8221; text_align=&#8221;left&#8221; background_image_as_pattern=&#8221;without_pattern&#8221; css=&#8221;.vc_custom_1605133689090{background-color: #ffffff !important;}&#8221; z_index=&#8221;&#8221; background_color=&#8221;#ffffff&#8221;][vc_column][vc_separator type=&#8221;transparent&#8221; up=&#8221;30&#8243; down=&#8221;30&#8243;][vc_row_inner row_type=&#8221;row&#8221; type=&#8221;grid&#8221; text_align=&#8221;left&#8221; css_animation=&#8221;&#8221;][vc_column_inner][qode_elements_holder number_of_columns=&#8221;two_columns&#8221; columns_proportion=&#8221;33_66&#8243;][qode_elements_holder_item vertical_alignment=&#8221;top&#8221; horizontal_alignment=&#8221;left&#8221; advanced_animations=&#8221;no&#8221;][vc_single_image image=&#8221;120&#8243; img_size=&#8221;full&#8221; qode_css_animation=&#8221;&#8221;][\/qode_elements_holder_item][qode_elements_holder_item vertical_alignment=&#8221;middle&#8221; horizontal_alignment=&#8221;left&#8221; advanced_animations=&#8221;no&#8221; item_padding=&#8221;0px 0px 0px 50px&#8221;][vc_column_text] D\u00fcnyan\u0131n say\u0131l\u0131, T\u00fcrkiye&#8217;nin ilk Pet G\u00f6r\u00fcnt\u00fcleme Merkezi [\/vc_column_text][vc_separator type=&#8221;transparent&#8221; up=&#8221;4&#8243;...\" \/>\n<meta property=\"og:url\" content=\"https:\/\/vetmr.com.tr\/index.php\/hakkimizda\/\" \/>\n<meta property=\"og:site_name\" content=\"VetMR\" \/>\n<meta property=\"article:modified_time\" content=\"2021-05-11T10:51:56+00:00\" \/>\n<meta property=\"og:image\" content=\"https:\/\/vetmr.com.tr\/wp-content\/uploads\/2020\/11\/22-1.png\" \/>\n<meta name=\"twitter:card\" content=\"summary_large_image\" \/>\n<meta name=\"twitter:label1\" content=\"Tahmini okuma s\u00fcresi\">\n\t<meta name=\"twitter:data1\" content=\"3 dakika\">\n<script type=\"application\/ld+json\" class=\"yoast-schema-graph\">{\"@context\":\"https:\/\/schema.org\",\"@graph\":[{\"@type\":\"WebSite\",\"@id\":\"https:\/\/vetmr.com.tr\/#website\",\"url\":\"https:\/\/vetmr.com.tr\/\",\"name\":\"VetMR\",\"description\":\"PET G\\u00f6r\\u00fcnt\\u00fcleme Merkezi | Pet Imaging Center\",\"potentialAction\":[{\"@type\":\"SearchAction\",\"target\":\"https:\/\/vetmr.com.tr\/?s={search_term_string}\",\"query-input\":\"required name=search_term_string\"}],\"inLanguage\":\"tr\"},{\"@type\":\"ImageObject\",\"@id\":\"https:\/\/vetmr.com.tr\/index.php\/hakkimizda\/#primaryimage\",\"inLanguage\":\"tr\",\"url\":\"https:\/\/vetmr.com.tr\/wp-content\/uploads\/2020\/11\/22-1.png\",\"width\":714,\"height\":1024},{\"@type\":\"WebPage\",\"@id\":\"https:\/\/vetmr.com.tr\/index.php\/hakkimizda\/#webpage\",\"url\":\"https:\/\/vetmr.com.tr\/index.php\/hakkimizda\/\",\"name\":\"HAKKIMIZDA - VetMR\",\"isPartOf\":{\"@id\":\"https:\/\/vetmr.com.tr\/#website\"},\"primaryImageOfPage\":{\"@id\":\"https:\/\/vetmr.com.tr\/index.php\/hakkimizda\/#primaryimage\"},\"datePublished\":\"2020-11-20T09:58:00+00:00\",\"dateModified\":\"2021-05-11T10:51:56+00:00\",\"breadcrumb\":{\"@id\":\"https:\/\/vetmr.com.tr\/index.php\/hakkimizda\/#breadcrumb\"},\"inLanguage\":\"tr\",\"potentialAction\":[{\"@type\":\"ReadAction\",\"target\":[\"https:\/\/vetmr.com.tr\/index.php\/hakkimizda\/\"]}]},{\"@type\":\"BreadcrumbList\",\"@id\":\"https:\/\/vetmr.com.tr\/index.php\/hakkimizda\/#breadcrumb\",\"itemListElement\":[{\"@type\":\"ListItem\",\"position\":1,\"item\":{\"@type\":\"WebPage\",\"@id\":\"https:\/\/vetmr.com.tr\/\",\"url\":\"https:\/\/vetmr.com.tr\/\",\"name\":\"Ana sayfa\"}},{\"@type\":\"ListItem\",\"position\":2,\"item\":{\"@type\":\"WebPage\",\"@id\":\"https:\/\/vetmr.com.tr\/index.php\/hakkimizda\/\",\"url\":\"https:\/\/vetmr.com.tr\/index.php\/hakkimizda\/\",\"name\":\"HAKKIMIZDA\"}}]}]}<\/script>\n<!-- \/ Yoast SEO plugin. -->","_links":{"self":[{"href":"https:\/\/vetmr.com.tr\/index.php\/wp-json\/wp\/v2\/pages\/367"}],"collection":[{"href":"https:\/\/vetmr.com.tr\/index.php\/wp-json\/wp\/v2\/pages"}],"about":[{"href":"https:\/\/vetmr.com.tr\/index.php\/wp-json\/wp\/v2\/types\/page"}],"author":[{"embeddable":true,"href":"https:\/\/vetmr.com.tr\/index.php\/wp-json\/wp\/v2\/users\/1"}],"replies":[{"embeddable":true,"href":"https:\/\/vetmr.com.tr\/index.php\/wp-json\/wp\/v2\/comments?post=367"}],"version-history":[{"count":18,"href":"https:\/\/vetmr.com.tr\/index.php\/wp-json\/wp\/v2\/pages\/367\/revisions"}],"predecessor-version":[{"id":1095,"href":"https:\/\/vetmr.com.tr\/index.php\/wp-json\/wp\/v2\/pages\/367\/revisions\/1095"}],"wp:attachment":[{"href":"https:\/\/vetmr.com.tr\/index.php\/wp-json\/wp\/v2\/media?parent=367"}],"curies":[{"name":"wp","href":"https:\/\/api.w.org\/{rel}","templated":true}]}}